{"id":2,"date":"2025-03-10T08:47:58","date_gmt":"2025-03-10T08:47:58","guid":{"rendered":"https:\/\/kuljetusliikeartoaholainen.fi\/?page_id=2"},"modified":"2025-04-17T13:03:46","modified_gmt":"2025-04-17T10:03:46","slug":"sample-page","status":"publish","type":"page","link":"https:\/\/kuljetusliikeartoaholainen.fi\/","title":{"rendered":"Kuljetuksia vuodesta -85, vahvalla ammattitaidolla"},"content":{"rendered":"\n<p><\/p>\n\n\n\n<p><\/p>\n\n\n\n<p><\/p>\n\n\n\n<blockquote class=\"wp-block-quote is-layout-flow wp-block-quote-is-layout-flow\">\n<p>Ajamme Woikosken l\u00e4\u00e4kkeellisi\u00e4- ja teollisia kaasuja Pohjois-Savon, Pohjois-Karjalan, Etel\u00e4-Savon ja Keski-Suomen alueella sek\u00e4 arkip\u00e4ivisin Helsingin Sanomat -lehden Lappeenrantaan.<\/p>\n\n\n\n<p>Kuorma-autoissamme kulkee trukit mukana joka helpottaa lastauksia ja purkuja. <\/p>\n\n\n\n<p>My\u00f6s kaikki muut kuljetukset kotimaassa sopimuksen mukaan, kysy tarjous.<\/p>\n\n\n\n<p><\/p>\n<\/blockquote>\n\n\n\n<blockquote class=\"wp-block-quote is-layout-flow wp-block-quote-is-layout-flow\">\n<p class=\"has-base-3-background-color has-background\">Kuljetusliike Arto Aholainen Oy on perustettu Varkaudessa vuonna 1985, alkuvuodesta 2025 tuli t\u00e4yteen 40-vuotta yritt\u00e4j\u00e4n\u00e4.<\/p>\n<\/blockquote>\n\n\n\n<p><\/p>\n","protected":false},"excerpt":{"rendered":"<p>Ajamme Woikosken l\u00e4\u00e4kkeellisi\u00e4- ja teollisia kaasuja Pohjois-Savon, Pohjois-Karjalan, Etel\u00e4-Savon ja Keski-Suomen alueella sek\u00e4 arkip\u00e4ivisin Helsingin Sanomat -lehden Lappeenrantaan. Kuorma-autoissamme kulkee trukit mukana joka helpottaa lastauksia ja purkuja. My\u00f6s kaikki muut kuljetukset kotimaassa sopimuksen mukaan, kysy tarjous. Kuljetusliike Arto Aholainen Oy on perustettu Varkaudessa vuonna 1985, alkuvuodesta 2025 tuli t\u00e4yteen 40-vuotta yritt\u00e4j\u00e4n\u00e4.<\/p>\n","protected":false},"author":1,"featured_media":10,"parent":0,"menu_order":0,"comment_status":"closed","ping_status":"open","template":"","meta":{"footnotes":""},"class_list":["post-2","page","type-page","status-publish","has-post-thumbnail","hentry"],"_links":{"self":[{"href":"https:\/\/kuljetusliikeartoaholainen.fi\/index.php?rest_route=\/wp\/v2\/pages\/2","targetHints":{"allow":["GET"]}}],"collection":[{"href":"https:\/\/kuljetusliikeartoaholainen.fi\/index.php?rest_route=\/wp\/v2\/pages"}],"about":[{"href":"https:\/\/kuljetusliikeartoaholainen.fi\/index.php?rest_route=\/wp\/v2\/types\/page"}],"author":[{"embeddable":true,"href":"https:\/\/kuljetusliikeartoaholainen.fi\/index.php?rest_route=\/wp\/v2\/users\/1"}],"replies":[{"embeddable":true,"href":"https:\/\/kuljetusliikeartoaholainen.fi\/index.php?rest_route=%2Fwp%2Fv2%2Fcomments&post=2"}],"version-history":[{"count":8,"href":"https:\/\/kuljetusliikeartoaholainen.fi\/index.php?rest_route=\/wp\/v2\/pages\/2\/revisions"}],"predecessor-version":[{"id":38,"href":"https:\/\/kuljetusliikeartoaholainen.fi\/index.php?rest_route=\/wp\/v2\/pages\/2\/revisions\/38"}],"wp:featuredmedia":[{"embeddable":true,"href":"https:\/\/kuljetusliikeartoaholainen.fi\/index.php?rest_route=\/wp\/v2\/media\/10"}],"wp:attachment":[{"href":"https:\/\/kuljetusliikeartoaholainen.fi\/index.php?rest_route=%2Fwp%2Fv2%2Fmedia&parent=2"}],"curies":[{"name":"wp","href":"https:\/\/api.w.org\/{rel}","templated":true}]}}